{"id":5273,"date":"2018-04-27T04:46:06","date_gmt":"2018-04-27T04:46:06","guid":{"rendered":"https:\/\/athletesusa.org\/terms-and-conditions"},"modified":"2025-11-21T21:52:30","modified_gmt":"2025-11-22T02:52:30","slug":"terms-and-conditions","status":"publish","type":"page","link":"https:\/\/athletesusa.org\/de\/terms-and-conditions\/","title":{"rendered":"Terms and conditions"},"content":{"rendered":"\t\t<div data-elementor-type=\"wp-post\" data-elementor-id=\"5273\" class=\"elementor elementor-5273 elementor-3028\" data-elementor-post-type=\"page\">\n\t\t\t\t\t\t<section class=\"elementor-section elementor-top-section elementor-element elementor-element-7864ef1 elementor-section-boxed elementor-section-height-default elementor-section-height-default\" data-id=\"7864ef1\" data-element_type=\"section\" data-e-type=\"section\">\n\t\t\t\t\t\t<div class=\"elementor-container elementor-column-gap-default\">\n\t\t\t\t\t<div class=\"elementor-column elementor-col-100 elementor-top-column elementor-element elementor-element-4b5102fe\" data-id=\"4b5102fe\" data-element_type=\"column\" data-e-type=\"column\">\n\t\t\t<div class=\"elementor-widget-wrap elementor-element-populated\">\n\t\t\t\t\t\t<div class=\"elementor-element elementor-element-2136cf69 elementor-widget elementor-widget-text-editor\" data-id=\"2136cf69\" data-element_type=\"widget\" data-e-type=\"widget\" data-widget_type=\"text-editor.default\">\n\t\t\t\t<div class=\"elementor-widget-container\">\n\t\t\t\t\t\t\t\t\t<div title=\"Page 1\"><div><div><div><div title=\"Page 1\"><div><div><div><p><strong>Athletes USA, LLC. Beleg &amp; Vereinbarung<\/strong><\/p><\/div><\/div><\/div><\/div><\/div><\/div><\/div><\/div><div title=\"Page 1\"><div><div><div><p>Die Gescha\u0308ftsbedingungen dieser Vereinbarung gelten zwischen Athletes USA, LLC. (&#8220;Die Firma&#8221;) und dem Klienten (&#8220;Der Klient&#8221;), der die Anmeldung zu einer Mitgliedschaft auf der athletesusa.org-Plattform erfolgreich abgeschlossen hat. Diese Vereinbarung tritt in Kraft, sobald die Firma die Startgebu\u0308hr von dem Klienten erha\u0308lt und ist fu\u0308r 4 Jahre gu\u0308ltig.<\/p><\/div><\/div><\/div><\/div><div title=\"Page 1\"><ol><li>Die Firma betreibt die Athletes USA Komplette Mitgliedschaft, bei der die dazugeho\u0308rigen Urheberrechte, Markenzeichen und Gescha\u0308ftsmethoden eingeschlossen sind. Die Firma vermittelt Athleten an NCAA-, NAIA- und NJCAA-Universita\u0308ten und stellt Bildung und Beratung wa\u0308hrend des Bewerbungsprozesses zur Verfu\u0308gung (als College-Recruiting-Serviceanbieter). Der Klient mo\u0308chte sich die Mitgliedschaft aneignen, um den Service nutzen zu ko\u0308nnen. Die Firma garantiert dem Klienten hiermit eine Mitgliedschaftsberechtigung, um den Service wa\u0308hrend der Dauer der Vereinbarung fu\u0308r den internen Gebrauch nutzen zu ko\u0308nnen. Die Marketinggebu\u0308hr der Firma verspricht dem Kunden keine Stipendien oder sonstige institutionelle finanzielle Unterstu\u0308tzung gema\u0308\u00df den Regeln der NCAA und NAIA.<br \/><br \/><\/li><li>Der Klient bestimmt die Firma als seinen exklusiven College-Recruiting-Serviceanbieter und stimmt den hier festgelegten Bedingungen der Mitgliedschaftsberechtigung sowie den in Anhang 1 beigefu\u0308gten Bedingungen und Konditionen zu.<br \/><br \/><\/li><li>Mitgliedschaft und Service:Vor Beginn des Studiums (Phase 1-3):<br \/>&#8211; Recruiting-Profil<br \/>&#8211; Recruiting-Strategie<br \/>&#8211; Recruiting-Video (Tipps und Tricks)<br \/>&#8211; Pers\u00f6nliche Beratung<br \/>&#8211; Tests (Informationsmaterial)<br \/>&#8211; Anmeldung NCAA\/NAIA<br \/>&#8211; College-Marketing<br \/>&#8211; Kontakt mit Trainern<br \/>&#8211; Collegeauswahl<br \/>&#8211; Zusage &#8211; Der Klient erh\u00e4lt eine schriftliche Best\u00e4tigung (\u201eCompletion Services Form\u201c) eines Stipendienangebots oder Anmeldeantrags f\u00fcr eine Bildungseinrichtung von der Firma oder der\/dem Universit\u00e4t\/College\/Bildungseinrichtung.<br \/>&#8211; Einschreibung in die Universit\u00e4t (Tipps)<br \/>&#8211; NLI (National Letter of Intent)<br \/>&#8211; I-20<br \/>&#8211; Visum (Informationsmaterial)<p><br \/>W\u00e4hrend des Studiums (Phase 4):<br \/>&#8211; Saisonauswertung und -vorbereitung mit College-Trainer<br \/>&#8211; Hilfe bei College-Wechsel, wenn gew\u00fcnscht (eventuell fallen zus\u00e4tzliche Kosten an bei einer neuen Suche nach einer Universit\u00e4t durch neue Marketing-Aktivierung, falls ausdr\u00fccklich vom Klienten gew\u00fcnscht)<br \/>&#8211; Praktikum (Hilfe bei der Suche)<br \/>&#8211; Beratung<\/p><p>Nach dem Studium (Phase 5):<br \/>&#8211; Athletes USA Botschafterclub<br \/>&#8211; Karrieretipps von unseren Mentoren<br \/>&#8211; Empfehlungen und\/oder Vermittlung in den Profisport (z.B. MLS)<\/p><\/li><\/ol><p><strong>Anhang 1<\/strong><\/p><p>1. Gew\u00e4hrung der Rechte<br \/>Die Firma besitzt alle Rechte an den Markenzeichen und Servicemarken, die mit der Athletes USA Mitgliedschaft verbunden sind. Dazu geh\u00f6ren auch Onlinematerialien auf athletesusa.org und athletes-usa.de. Die Firma ist der Besitzer aller patentf\u00e4higen oder anderweitigen Prozesse, die w\u00e4hrend der Erbringung der Serviceleistungen als Rekrutierungsmethoden (&#8220;Methoden&#8221;) stattfinden. Die Firma gew\u00e4hrt dem Klienten hiermit eine limitierte Nutzungsberechtigung mit dem Recht, die Arbeit und Methoden f\u00fcr die Dauer der Vereinbarung und unter den Bedingungen der Vereinbarung zu nutzen. Jegliche Art von Schulung, Logos, Markenzeichen\/Marken, Arbeiten oder andere Inhalte, die vom Klienten hinzugef\u00fcgt werden, verbleiben im Eigentum des Lizenzinhabers.<\/p><p>2. Bedingungen und Beendigung<br \/>Der Klient darf die Athletes USA Mitgliedschaft f\u00fcr eine Dauer von vier (4) Jahren nutzen. Der Klient stimmt zu, dass er nach Beendigung der Vereinbarung die Athletes USA Mitgliedschaft oder jegliche \u00e4hnliche Variation nicht nutzen wird. Der Klient best\u00e4tigt, dass er die Firma als seinen exklusiven Serviceanbieter ernennt. K\u00fcndigung: Im Falle einer Verletzung des Klienten, des Nichtbestehens ben\u00f6tigter Tests oder der Missachtung von Regeln gegen\u00fcber staatlichen Institutionen, die dazu f\u00fchren, dass die Firma nicht in der Lage ist, die Bedingungen dieser Vereinbarung zu erf\u00fcllen, kann die Firma diesen Vertrag innerhalb von 60 Tagen k\u00fcndigen. In einem solchen Fall erfolgt keine R\u00fcckerstattung der Marketinggeb\u00fchr, falls diese bereits vom Klienten gezahlt wurde.<\/p><p>3. Entsch\u00e4digung, Vertraulichkeitsklausel, Nichtumgehung<br \/>Der Klient stimmt zu, dass jegliches geistige Eigentum in allen Materialien (egal ob vor oder nach dem Anfangszeitpunkt erstellt) der Firma geh\u00f6rt. Der Klient verpflichtet sich dazu, dass er: (a) die Materialien nicht kopiert oder anderen zug\u00e4nglich macht, ohne das schriftliche Einverst\u00e4ndnis der Firma, und (b) direkt nach Beendigung der Vereinbarung auf Nachfrage der Firma alle Materialien (sowie alle Kopien) zur\u00fcckgibt, die sich in seinem Besitz oder unter seiner Kontrolle befinden. Sofern nicht gesetzlich vorgeschrieben, verpflichten sich beide Parteien dazu, alle vertraulichen Informationen (die von einer Partei der anderen gegen\u00fcber ausgenommen sind in \u00dcbereinstimmung mit der Vereinbarung, oder welche zu jeder Zeit bis Beendigung der Vereinbarung in den Wissensbereich, Besitz oder die Kontrolle der anderen Partei gelangen m\u00f6gen) nicht f\u00fcr irgendwelche anderen Zwecke als die von der Vereinbarung vorgeschriebenen oder erlaubten zu nutzen. Zudem m\u00fcssen sie vertraulich bleiben und d\u00fcrfen nicht an eine dritte Partei ver\u00f6ffentlicht werden (mit Ausnahme, insofern diese hierunter erlaubt oder erforderlich f\u00fcr die eigene Ausf\u00fchrung der Vereinbarung ist). Informationen bez\u00fcglich des Zwecks dieser Vereinbarung, die sich auf das Gesch\u00e4ft der Firma, das Gesch\u00e4ftssystem der Firma, die Gesch\u00e4ftsprozesse der Firma, Gesch\u00e4ftsangelegenheiten und\/oder Klienten- und Lieferantenlisten beziehen, werden als vertrauliche Informationen angesehen.<\/p><p>4. Einheitliche und vollst\u00e4ndige Vereinbarung<br \/>Diese Vereinbarung ist die vollst\u00e4ndige Vereinbarung zwischen den beiden Parteien bez\u00fcglich der hier behandelten Thematik und ersetzt alle fr\u00fcheren m\u00fcndlichen und\/oder schriftlichen Darstellungen, Verhandlungen, Vereinbarungen und Abmachungen zwischen den Parteien. Es wurden keine m\u00fcndlichen Nebenabreden getroffen.<\/p><p>5. Bezahlung &amp; Marketinggeb\u00fchr<\/p><p>Option 1 (Direktzahlung): Der Klient versteht dass die Zahlung der Marketinggeb\u00fchr zu Beginn der Zusammenarbeit f\u00e4llig ist um die Mitgliedschaft zu starten.<\/p><p>Option 2 (Zahlung bei Zusage): Der Klient versteht, dass die Startgeb\u00fchr zu Beginn der Zusammenarbeit f\u00e4llig ist und nicht zur\u00fcckerstattet werden kann. Die Marketinggeb\u00fchr ist f\u00e4llig, sobald der Klient ein Angebot angenommen hat und dies schriftlich best\u00e4tigt wurde. Der Klient erh\u00e4lt daf\u00fcr eine schriftliche Best\u00e4tigung (\u201eCompletion Services Form\u201c) eines Angebots\/Anmeldeantrags f\u00fcr eine Bildungseinrichtung von der Firma oder der\/dem Universit\u00e4t\/College\/Bildungseinrichtung.<\/p><p>6. Erg\u00e4nzungen und Mitteilungen<br \/>Diese Vereinbarung darf nicht berichtigt, modifiziert oder ge\u00e4ndert werden, weder als Ganzes noch in einzelnen Abschnitten, es sei denn, dass eine schriftliche Vereinbarung, unterschrieben von beiden Parteien, vorliegt. Alle Mitteilungen sollten schriftlich verfasst und adressiert sein an: (a) falls gerichtet an die Firma: Athletes USA, 800 Brickell Avenue, Suite 1105, Miami, FL 33131, per E-Mail an: admin@athletesusa.org oder (b) falls sie den Klienten betreffen: an eine solche Adresse und\/oder Fax-Nummer, die von einer Partei bei fr\u00fcherer Mitteilung an den Absender festgelegt wurde.<\/p><p>7. Rechtsstreit<br \/>Im Falle eines Rechtsstreits hat die Firma das Recht, die angemessenen Kosten, bestehend aus den bisherigen erbrachten Aufwendungen und den angefallenen Anwaltskosten, die zur Durchsetzung des Vertrages notwendig waren, vom Klienten zu fordern. F\u00fcr alle Streitigkeiten aus diesem Vertrag ist, soweit nicht gesetzlich zwingend etwas anderes bestimmt ist, der Gerichtsstand im Staat Florida, USA, vereinbart.<\/p><p>8. Verpflichtungen des Klienten<br \/>Der Klient stimmt zu, die Firma bei jeglicher Kommunikation zwischen ihm und den NCAA-, NAIA- und NJCAA-Trainern zu benachrichtigen. Der Klient versteht, dass er die Firma als seinen exklusiven College-Recruiting-Serviceanbieter bestimmt, solange die Vereinbarung g\u00fcltig ist. Der Klient versteht, dass er innerhalb von 72 Stunden auf jede Nachricht der Firma oder eines Trainers antworten muss. Sollte der Klient nicht innerhalb von 72 Stunden antworten, sendet die Firma eine finale Erinnerungsmitteilung per E-Mail oder Post. Sollte der Klient nicht innerhalb von 14 Tagen auf die finale Erinnerungsmitteilung reagieren, hat die Firma das Recht, die Vereinbarung zu k\u00fcndigen. In einem solchen Fall erfolgt keine R\u00fcckerstattung der Marketinggeb\u00fchr, falls diese bereits vom Klienten gezahlt wurde.<\/p><p>9. Haftungsausschluss<br \/>&#8211; Der Klient ist verantwortlich f\u00fcr den Erwerb aller notwendigen Versicherungen, die ben\u00f6tigt werden, um im College-Sport teilzunehmen oder die als Voraussetzung f\u00fcr den Aufenthalt in den USA ben\u00f6tigt werden.<br \/>&#8211; Die Firma ist nicht verantwortlich f\u00fcr Entscheidungen, die von jeglicher amerikanischen Botschaft im Bezug auf Visum-Entscheidungen getroffen wurden.<br \/>&#8211; Der Klient ist daf\u00fcr verantwortlich, den Bedingungen der NCAA, NAIA und NJCAA nachzukommen. Die Firma ist nicht verantwortlich f\u00fcr jegliche Entscheidungen der NCAA, NAIA und NJCAA.<br \/>&#8211; Der Klient muss der Firma fachbezogene Informationen bereitstellen. Eine Nichteinhaltung dieser Pflicht f\u00fchrt zur Beendigung der Vereinbarung ohne Erstattung der angefallenen Kosten.<br \/>&#8211; Jegliche vom Klienten bereitgestellten Inhalte werden f\u00fcr werbliche Aktivit\u00e4ten verwendet, um der Firma zu helfen, den Service f\u00fcr den Klienten durchzuf\u00fchren. Der Inhalt wird online und\/oder offline erscheinen.<br \/>&#8211; Der Klient best\u00e4tigt, dass bei einem Versto\u00df gegen jegliche Bedingungen oder Klauseln aus Abs\u00e4tzen 1-9 dieser Vereinbarung seitens des Klienten die Firma berechtigt ist, den Vertrag au\u00dferordentlich zu k\u00fcndigen und dem Klienten die gesamte Marketinggeb\u00fchr in Rechnung zu stellen.<br \/>&#8211; Der Klient best\u00e4tigt, dass er gegebenenfalls nicht alle Schritte oder Phasen der Athletes USA Mitgliedschaft durchlaufen muss (1. Vorbereitung, 2. Vermarktung, 3. Registrierung, 4. W\u00e4hrend des Studiums, 5. Nach dem Studium). Die Firma ist zur Durchf\u00fchrung aller Aktivit\u00e4ten gem\u00e4\u00df der Vereinbarung nicht verpflichtet.<\/p><\/div>\t\t\t\t\t\t\t\t<\/div>\n\t\t\t\t<\/div>\n\t\t\t\t\t<\/div>\n\t\t<\/div>\n\t\t\t\t\t<\/div>\n\t\t<\/section>\n\t\t\t\t<\/div>\n\t\t","protected":false},"excerpt":{"rendered":"<p>Athletes USA, LLC. Beleg &amp; Vereinbarung Die Gescha\u0308ftsbedingungen dieser Vereinbarung gelten zwischen Athletes USA, LLC. (&#8220;Die Firma&#8221;) und dem Klienten (&#8220;Der Klient&#8221;), der die Anmeldung zu einer Mitgliedschaft auf der athletesusa.org-Plattform erfolgreich abgeschlossen hat. Diese Vereinbarung tritt in Kraft, sobald die Firma die Startgebu\u0308hr von dem Klienten erha\u0308lt und ist fu\u0308r 4 Jahre gu\u0308ltig. Die [&hellip;]<\/p>\n","protected":false},"author":1,"featured_media":0,"parent":0,"menu_order":0,"comment_status":"closed","ping_status":"closed","template":"","meta":{"footnotes":""},"class_list":["post-5273","page","type-page","status-publish","hentry","entry","owp-thumbs-layout-horizontal","owp-btn-normal","owp-tabs-layout-horizontal","has-no-thumbnails","has-product-nav"],"yoast_head":"<!-- This site is optimized with the Yoast SEO plugin v27.3 - https:\/\/yoast.com\/product\/yoast-seo-wordpress\/ -->\n<title>Terms and conditions - Athletes USA<\/title>\n<meta name=\"robots\" content=\"index, follow, max-snippet:-1, max-image-preview:large, max-video-preview:-1\" \/>\n<link rel=\"canonical\" href=\"https:\/\/athletesusa.org\/de\/terms-and-conditions\/\" \/>\n<meta name=\"twitter:label1\" content=\"Gesch\u00e4tzte Lesezeit\" \/>\n\t<meta name=\"twitter:data1\" content=\"8\u00a0Minuten\" \/>\n<script type=\"application\/ld+json\" class=\"yoast-schema-graph\">{\"@context\":\"https:\\\/\\\/schema.org\",\"@graph\":[{\"@type\":\"WebPage\",\"@id\":\"https:\\\/\\\/athletesusa.org\\\/de\\\/terms-and-conditions\\\/\",\"url\":\"https:\\\/\\\/athletesusa.org\\\/de\\\/terms-and-conditions\\\/\",\"name\":\"Terms and conditions - Athletes USA\",\"isPartOf\":{\"@id\":\"https:\\\/\\\/athletesusa.org\\\/#website\"},\"datePublished\":\"2018-04-27T04:46:06+00:00\",\"dateModified\":\"2025-11-22T02:52:30+00:00\",\"breadcrumb\":{\"@id\":\"https:\\\/\\\/athletesusa.org\\\/de\\\/terms-and-conditions\\\/#breadcrumb\"},\"inLanguage\":\"de\",\"potentialAction\":[{\"@type\":\"ReadAction\",\"target\":[\"https:\\\/\\\/athletesusa.org\\\/de\\\/terms-and-conditions\\\/\"]}]},{\"@type\":\"BreadcrumbList\",\"@id\":\"https:\\\/\\\/athletesusa.org\\\/de\\\/terms-and-conditions\\\/#breadcrumb\",\"itemListElement\":[{\"@type\":\"ListItem\",\"position\":1,\"name\":\"Home\",\"item\":\"https:\\\/\\\/athletesusa.org\\\/\"},{\"@type\":\"ListItem\",\"position\":2,\"name\":\"Terms and conditions\"}]},{\"@type\":\"WebSite\",\"@id\":\"https:\\\/\\\/athletesusa.org\\\/#website\",\"url\":\"https:\\\/\\\/athletesusa.org\\\/\",\"name\":\"Athletes USA\",\"description\":\"#1 Sports Scholarship Agency | Athletes USA\",\"publisher\":{\"@id\":\"https:\\\/\\\/athletesusa.org\\\/#organization\"},\"potentialAction\":[{\"@type\":\"SearchAction\",\"target\":{\"@type\":\"EntryPoint\",\"urlTemplate\":\"https:\\\/\\\/athletesusa.org\\\/?s={search_term_string}\"},\"query-input\":{\"@type\":\"PropertyValueSpecification\",\"valueRequired\":true,\"valueName\":\"search_term_string\"}}],\"inLanguage\":\"de\"},{\"@type\":\"Organization\",\"@id\":\"https:\\\/\\\/athletesusa.org\\\/#organization\",\"name\":\"Athletes USA\",\"url\":\"https:\\\/\\\/athletesusa.org\\\/\",\"logo\":{\"@type\":\"ImageObject\",\"inLanguage\":\"de\",\"@id\":\"https:\\\/\\\/athletesusa.org\\\/#\\\/schema\\\/logo\\\/image\\\/\",\"url\":\"https:\\\/\\\/athletesusa.org\\\/wp-content\\\/uploads\\\/2018\\\/07\\\/ausa2.png\",\"contentUrl\":\"https:\\\/\\\/athletesusa.org\\\/wp-content\\\/uploads\\\/2018\\\/07\\\/ausa2.png\",\"width\":173,\"height\":75,\"caption\":\"Athletes USA\"},\"image\":{\"@id\":\"https:\\\/\\\/athletesusa.org\\\/#\\\/schema\\\/logo\\\/image\\\/\"},\"sameAs\":[\"https:\\\/\\\/www.facebook.com\\\/AthletesUSA\\\/\",\"https:\\\/\\\/www.instagram.com\\\/athletesusa\"]}]}<\/script>\n<!-- \/ Yoast SEO plugin. -->","yoast_head_json":{"title":"Terms and conditions - Athletes USA","robots":{"index":"index","follow":"follow","max-snippet":"max-snippet:-1","max-image-preview":"max-image-preview:large","max-video-preview":"max-video-preview:-1"},"canonical":"https:\/\/athletesusa.org\/de\/terms-and-conditions\/","twitter_misc":{"Gesch\u00e4tzte Lesezeit":"8\u00a0Minuten"},"schema":{"@context":"https:\/\/schema.org","@graph":[{"@type":"WebPage","@id":"https:\/\/athletesusa.org\/de\/terms-and-conditions\/","url":"https:\/\/athletesusa.org\/de\/terms-and-conditions\/","name":"Terms and conditions - Athletes USA","isPartOf":{"@id":"https:\/\/athletesusa.org\/#website"},"datePublished":"2018-04-27T04:46:06+00:00","dateModified":"2025-11-22T02:52:30+00:00","breadcrumb":{"@id":"https:\/\/athletesusa.org\/de\/terms-and-conditions\/#breadcrumb"},"inLanguage":"de","potentialAction":[{"@type":"ReadAction","target":["https:\/\/athletesusa.org\/de\/terms-and-conditions\/"]}]},{"@type":"BreadcrumbList","@id":"https:\/\/athletesusa.org\/de\/terms-and-conditions\/#breadcrumb","itemListElement":[{"@type":"ListItem","position":1,"name":"Home","item":"https:\/\/athletesusa.org\/"},{"@type":"ListItem","position":2,"name":"Terms and conditions"}]},{"@type":"WebSite","@id":"https:\/\/athletesusa.org\/#website","url":"https:\/\/athletesusa.org\/","name":"Athletes USA","description":"#1 Sports Scholarship Agency | Athletes USA","publisher":{"@id":"https:\/\/athletesusa.org\/#organization"},"potentialAction":[{"@type":"SearchAction","target":{"@type":"EntryPoint","urlTemplate":"https:\/\/athletesusa.org\/?s={search_term_string}"},"query-input":{"@type":"PropertyValueSpecification","valueRequired":true,"valueName":"search_term_string"}}],"inLanguage":"de"},{"@type":"Organization","@id":"https:\/\/athletesusa.org\/#organization","name":"Athletes USA","url":"https:\/\/athletesusa.org\/","logo":{"@type":"ImageObject","inLanguage":"de","@id":"https:\/\/athletesusa.org\/#\/schema\/logo\/image\/","url":"https:\/\/athletesusa.org\/wp-content\/uploads\/2018\/07\/ausa2.png","contentUrl":"https:\/\/athletesusa.org\/wp-content\/uploads\/2018\/07\/ausa2.png","width":173,"height":75,"caption":"Athletes USA"},"image":{"@id":"https:\/\/athletesusa.org\/#\/schema\/logo\/image\/"},"sameAs":["https:\/\/www.facebook.com\/AthletesUSA\/","https:\/\/www.instagram.com\/athletesusa"]}]}},"_links":{"self":[{"href":"https:\/\/athletesusa.org\/de\/wp-json\/wp\/v2\/pages\/5273","targetHints":{"allow":["GET"]}}],"collection":[{"href":"https:\/\/athletesusa.org\/de\/wp-json\/wp\/v2\/pages"}],"about":[{"href":"https:\/\/athletesusa.org\/de\/wp-json\/wp\/v2\/types\/page"}],"author":[{"embeddable":true,"href":"https:\/\/athletesusa.org\/de\/wp-json\/wp\/v2\/users\/1"}],"replies":[{"embeddable":true,"href":"https:\/\/athletesusa.org\/de\/wp-json\/wp\/v2\/comments?post=5273"}],"version-history":[{"count":0,"href":"https:\/\/athletesusa.org\/de\/wp-json\/wp\/v2\/pages\/5273\/revisions"}],"wp:attachment":[{"href":"https:\/\/athletesusa.org\/de\/wp-json\/wp\/v2\/media?parent=5273"}],"curies":[{"name":"wp","href":"https:\/\/api.w.org\/{rel}","templated":true}]}}